{"id":1975,"date":"2025-03-03T22:24:13","date_gmt":"2025-03-03T13:24:13","guid":{"rendered":"https:\/\/brandhub.amnesty.org\/fr\/?page_id=1975"},"modified":"2025-11-26T22:37:22","modified_gmt":"2025-11-26T13:37:22","slug":"motion-graphic-templates-2","status":"publish","type":"page","link":"https:\/\/brandhub.amnesty.org\/fr\/templates-and-tools\/motion-graphic-templates-2\/","title":{"rendered":"Mod\u00e8les d\u2019animations graphiques"},"content":{"rendered":"\n<div class=\"wp-block-columns is-layout-flex wp-container-core-columns-is-layout-9d6595d7 wp-block-columns-is-layout-flex\">\n<div class=\"wp-block-column is-layout-flow wp-block-column-is-layout-flow\" style=\"flex-basis:66.66%\">\n<p class=\"wp-embed-aspect-16-9 wp-has-aspect-ratio\">Vous avez besoin d\u2019une m\u00e9thode simple pour cr\u00e9er une vid\u00e9o aux couleurs d\u2019Amnesty, mais vous avez peu d\u2019exp\u00e9rience avec Adobe Premiere Pro et After Effects&nbsp;?<\/p>\n\n\n\n<p class=\"wp-embed-aspect-16-9 wp-has-aspect-ratio\">Consultez notre catalogue de mod\u00e8les d\u2019animations graphiques portant la marque de l\u2019organisation (tiers inf\u00e9rieurs, \u00e9crans de fin avec logo, titres, etc.) \u00e0 utiliser dans vos vid\u00e9os. Une fois install\u00e9s, il vous suffit de les faire glisser dans votre timeline, puis de modifier le texte, la couleur, la position, la taille, etc., en fonction de vos besoins.<\/p>\n\n\n\n<p class=\"wp-embed-aspect-16-9 wp-has-aspect-ratio\">Ces mod\u00e8les ont \u00e9t\u00e9 con\u00e7us suivant la&nbsp;<a rel=\"noreferrer noopener\" href=\"https:\/\/brandhub.amnesty.org\/visual-design\/video-graphic-guidelines\/\" target=\"_blank\">charte graphique vid\u00e9o<\/a>&nbsp;d\u2019Amnesty et vous aideront \u00e0 assurer la coh\u00e9rence de l\u2019apparence et des effets de toutes nos productions.<\/p>\n\n\n\n<div class=\"wp-block-buttons wp-embed-aspect-16-9 wp-has-aspect-ratio is-content-justification-center is-layout-flex wp-container-core-buttons-is-layout-16018d1d wp-block-buttons-is-layout-flex\">\n<div class=\"wp-block-button is-style-default\"><a class=\"wp-block-button__link wp-element-button\" href=\"https:\/\/www.adobe.com\/files\/libraries\/urn:aaid:sc:EU:c83ddb7c-718b-464e-aa58-523ecbd0548f?libraryVersion=10\">T\u00e9l\u00e9charger les mod\u00e8les<\/a><\/div>\n<\/div>\n\n\n\n<div style=\"height:40px\" aria-hidden=\"true\" class=\"wp-block-spacer wp-embed-aspect-16-9 wp-has-aspect-ratio\"><\/div>\n<\/div>\n\n\n\n<div class=\"wp-block-column is-layout-flow wp-block-column-is-layout-flow\" style=\"flex-basis:33.33%\"><\/div>\n<\/div>\n","protected":false},"excerpt":{"rendered":"<p>Vous avez besoin d\u2019une m\u00e9thode simple pour cr\u00e9er une vid\u00e9o aux couleurs d\u2019Amnesty, mais vous avez peu d\u2019exp\u00e9rience avec Adobe Premiere Pro et After Effects&nbsp;? Consultez notre catalogue de mod\u00e8les d\u2019animations graphiques portant la marque de l\u2019organisation (tiers inf\u00e9rieurs, \u00e9crans de fin avec logo, titres, etc.) \u00e0 utiliser dans vos vid\u00e9os. Une fois install\u00e9s, il [&hellip;]<\/p>\n","protected":false},"author":5,"featured_media":0,"parent":1979,"menu_order":0,"comment_status":"closed","ping_status":"closed","template":"","meta":{"_trash_the_other_posts":false,"_hero_title":"","_hero_content":"","_hero_cta_text":"","_hero_cta_link":"","_hero_alignment":"","_hero_background":"","_hero_size":"","_hero_show":"","_hero_type":"","_hero_embed":"","_hero_video_id":0,"_hero_hide_image_caption":true,"_hero_hide_image_copyright":false,"_nav_style":"","_disable_share_icons":false,"_disable_sidebar":false,"_display_author_info":false,"_hide_featured_image":false,"_hide_featured_image_caption":true,"_maximize_post_content":false,"_reduce_content_width":false,"_sidebar_id":0,"_stretch_thumbnail":false,"byline_context":"","byline_entity":"","byline_is_author":false,"disable_related_content":false,"download_id":0,"download_text":"","show_published_date":true,"show_updated_date":true,"term_slider":"","amnesty_index_number":"","recipients":"","recipients_refresh":"","recipients_refreshed":"","footnotes":""},"category":[],"topic":[],"class_list":["post-1975","page","type-page","status-publish","hentry"],"yoast_head":"<title>Mod\u00e8les d\u2019animations graphiques - La marque Amnesty International<\/title>\n<meta name=\"robots\" content=\"noindex, follow, max-snippet:-1, max-image-preview:large, max-video-preview:-1\" \/>\n<meta property=\"og:locale\" content=\"fr\" \/>\n<meta property=\"og:type\" content=\"article\" \/>\n<meta property=\"og:title\" content=\"Mod\u00e8les d\u2019animations graphiques - La marque Amnesty International\" \/>\n<meta property=\"og:description\" content=\"Vous avez besoin d\u2019une m\u00e9thode simple pour cr\u00e9er une vid\u00e9o aux couleurs d\u2019Amnesty, mais vous avez peu d\u2019exp\u00e9rience avec Adobe Premiere Pro et After Effects&nbsp;? Consultez notre catalogue de mod\u00e8les d\u2019animations graphiques portant la marque de l\u2019organisation (tiers inf\u00e9rieurs, \u00e9crans de fin avec logo, titres, etc.) \u00e0 utiliser dans vos vid\u00e9os. Une fois install\u00e9s, il [&hellip;]\" \/>\n<meta property=\"og:url\" content=\"https:\/\/brandhub.amnesty.org\/fr\/templates-and-tools\/motion-graphic-templates-2\/\" \/>\n<meta property=\"og:site_name\" content=\"La marque Amnesty International\" \/>\n<meta property=\"article:modified_time\" content=\"2025-11-26T13:37:22+00:00\" \/>\n<meta name=\"twitter:card\" content=\"summary_large_image\" \/>\n<script type=\"application\/ld+json\" class=\"yoast-schema-graph\">{\"@context\":\"https:\\\/\\\/schema.org\",\"@graph\":[{\"@type\":\"WebPage\",\"@id\":\"https:\\\/\\\/brandhub.amnesty.org\\\/fr\\\/templates-and-tools\\\/motion-graphic-templates-2\\\/\",\"url\":\"https:\\\/\\\/brandhub.amnesty.org\\\/fr\\\/templates-and-tools\\\/motion-graphic-templates-2\\\/\",\"name\":\"Mod\u00e8les d\u2019animations graphiques - La marque Amnesty International\",\"isPartOf\":{\"@id\":\"https:\\\/\\\/brandhub.amnesty.org\\\/fr\\\/#website\"},\"datePublished\":\"2025-03-03T13:24:13+00:00\",\"dateModified\":\"2025-11-26T13:37:22+00:00\",\"breadcrumb\":{\"@id\":\"https:\\\/\\\/brandhub.amnesty.org\\\/fr\\\/templates-and-tools\\\/motion-graphic-templates-2\\\/#breadcrumb\"},\"inLanguage\":\"fr-FR\",\"potentialAction\":[{\"@type\":\"ReadAction\",\"target\":[\"https:\\\/\\\/brandhub.amnesty.org\\\/fr\\\/templates-and-tools\\\/motion-graphic-templates-2\\\/\"]}]},{\"@type\":\"BreadcrumbList\",\"@id\":\"https:\\\/\\\/brandhub.amnesty.org\\\/fr\\\/templates-and-tools\\\/motion-graphic-templates-2\\\/#breadcrumb\",\"itemListElement\":[{\"@type\":\"ListItem\",\"position\":1,\"name\":\"Home\",\"item\":\"https:\\\/\\\/brandhub.amnesty.org\\\/fr\\\/\"},{\"@type\":\"ListItem\",\"position\":2,\"name\":\"Mod\u00e8les et outils\",\"item\":\"https:\\\/\\\/brandhub.amnesty.org\\\/fr\\\/templates-and-tools\\\/\"},{\"@type\":\"ListItem\",\"position\":3,\"name\":\"Mod\u00e8les d\u2019animations graphiques\"}]},{\"@type\":\"WebSite\",\"@id\":\"https:\\\/\\\/brandhub.amnesty.org\\\/fr\\\/#website\",\"url\":\"https:\\\/\\\/brandhub.amnesty.org\\\/fr\\\/\",\"name\":\"La marque Amnesty International\",\"description\":\"La marque Amnesty International\",\"potentialAction\":[{\"@type\":\"SearchAction\",\"target\":{\"@type\":\"EntryPoint\",\"urlTemplate\":\"https:\\\/\\\/brandhub.amnesty.org\\\/fr\\\/search\\\/{search_term_string}\\\/\"},\"query-input\":{\"@type\":\"PropertyValueSpecification\",\"valueRequired\":true,\"valueName\":\"search_term_string\"}}],\"inLanguage\":\"fr-FR\"}]}<\/script>","yoast_head_json":{"title":"Mod\u00e8les d\u2019animations graphiques - La marque Amnesty International","robots":{"index":"noindex","follow":"follow","max-snippet":"max-snippet:-1","max-image-preview":"max-image-preview:large","max-video-preview":"max-video-preview:-1"},"og_locale":"fr","og_type":"article","og_title":"Mod\u00e8les d\u2019animations graphiques - La marque Amnesty International","og_description":"Vous avez besoin d\u2019une m\u00e9thode simple pour cr\u00e9er une vid\u00e9o aux couleurs d\u2019Amnesty, mais vous avez peu d\u2019exp\u00e9rience avec Adobe Premiere Pro et After Effects&nbsp;? Consultez notre catalogue de mod\u00e8les d\u2019animations graphiques portant la marque de l\u2019organisation (tiers inf\u00e9rieurs, \u00e9crans de fin avec logo, titres, etc.) \u00e0 utiliser dans vos vid\u00e9os. Une fois install\u00e9s, il [&hellip;]","og_url":"https:\/\/brandhub.amnesty.org\/fr\/templates-and-tools\/motion-graphic-templates-2\/","og_site_name":"La marque Amnesty International","article_modified_time":"2025-11-26T13:37:22+00:00","twitter_card":"summary_large_image","schema":{"@context":"https:\/\/schema.org","@graph":[{"@type":"WebPage","@id":"https:\/\/brandhub.amnesty.org\/fr\/templates-and-tools\/motion-graphic-templates-2\/","url":"https:\/\/brandhub.amnesty.org\/fr\/templates-and-tools\/motion-graphic-templates-2\/","name":"Mod\u00e8les d\u2019animations graphiques - La marque Amnesty International","isPartOf":{"@id":"https:\/\/brandhub.amnesty.org\/fr\/#website"},"datePublished":"2025-03-03T13:24:13+00:00","dateModified":"2025-11-26T13:37:22+00:00","breadcrumb":{"@id":"https:\/\/brandhub.amnesty.org\/fr\/templates-and-tools\/motion-graphic-templates-2\/#breadcrumb"},"inLanguage":"fr-FR","potentialAction":[{"@type":"ReadAction","target":["https:\/\/brandhub.amnesty.org\/fr\/templates-and-tools\/motion-graphic-templates-2\/"]}]},{"@type":"BreadcrumbList","@id":"https:\/\/brandhub.amnesty.org\/fr\/templates-and-tools\/motion-graphic-templates-2\/#breadcrumb","itemListElement":[{"@type":"ListItem","position":1,"name":"Home","item":"https:\/\/brandhub.amnesty.org\/fr\/"},{"@type":"ListItem","position":2,"name":"Mod\u00e8les et outils","item":"https:\/\/brandhub.amnesty.org\/fr\/templates-and-tools\/"},{"@type":"ListItem","position":3,"name":"Mod\u00e8les d\u2019animations graphiques"}]},{"@type":"WebSite","@id":"https:\/\/brandhub.amnesty.org\/fr\/#website","url":"https:\/\/brandhub.amnesty.org\/fr\/","name":"La marque Amnesty International","description":"La marque Amnesty International","potentialAction":[{"@type":"SearchAction","target":{"@type":"EntryPoint","urlTemplate":"https:\/\/brandhub.amnesty.org\/fr\/search\/{search_term_string}\/"},"query-input":{"@type":"PropertyValueSpecification","valueRequired":true,"valueName":"search_term_string"}}],"inLanguage":"fr-FR"}]}},"_links":{"self":[{"href":"https:\/\/brandhub.amnesty.org\/fr\/wp-json\/wp\/v2\/pages\/1975","targetHints":{"allow":["GET"]}}],"collection":[{"href":"https:\/\/brandhub.amnesty.org\/fr\/wp-json\/wp\/v2\/pages"}],"about":[{"href":"https:\/\/brandhub.amnesty.org\/fr\/wp-json\/wp\/v2\/types\/page"}],"author":[{"embeddable":true,"href":"https:\/\/brandhub.amnesty.org\/fr\/wp-json\/wp\/v2\/users\/5"}],"replies":[{"embeddable":true,"href":"https:\/\/brandhub.amnesty.org\/fr\/wp-json\/wp\/v2\/comments?post=1975"}],"version-history":[{"count":0,"href":"https:\/\/brandhub.amnesty.org\/fr\/wp-json\/wp\/v2\/pages\/1975\/revisions"}],"up":[{"embeddable":true,"href":"https:\/\/brandhub.amnesty.org\/fr\/wp-json\/wp\/v2\/pages\/1979"}],"wp:attachment":[{"href":"https:\/\/brandhub.amnesty.org\/fr\/wp-json\/wp\/v2\/media?parent=1975"}],"wp:term":[{"taxonomy":"category","embeddable":true,"href":"https:\/\/brandhub.amnesty.org\/fr\/wp-json\/wp\/v2\/category?post=1975"},{"taxonomy":"topic","embeddable":true,"href":"https:\/\/brandhub.amnesty.org\/fr\/wp-json\/wp\/v2\/topic?post=1975"}],"curies":[{"name":"wp","href":"https:\/\/api.w.org\/{rel}","templated":true}]}}